{"id":3013,"date":"2023-07-03T17:13:51","date_gmt":"2023-07-03T15:13:51","guid":{"rendered":"https:\/\/staging3.91design.de\/?page_id=3013"},"modified":"2023-09-15T17:29:50","modified_gmt":"2023-09-15T15:29:50","slug":"startseite","status":"publish","type":"page","link":"https:\/\/unexplainable-world.com\/de\/","title":{"rendered":"Startseite"},"content":{"rendered":"\n<div id=\"columns-c0baa37\" class=\"columns-c052710\">\n<div id=\"column-cbd96cf\" class=\"column-c7eb9d4 cc-clmn\">\n<p id=\"paragraph-cba5ef5\" class=\"paragraph-cd07469\">Tauche ein in die Tiefen der Mysterien<\/p>\n\n\n\n<h1 id=\"heading-c271908\" class=\"heading-c83fd0d\">Entdecke das Unerkl\u00e4rliche<\/h1>\n\n\n\n<p id=\"paragraph-c19ff35\" class=\"paragraph-c9a34e6\">Lerne diese unergr\u00fcndliche Welt kennen, in der fesselnde Geheimnisse darauf warten, enth\u00fcllt zu werden. Tauche ein in faszinierende Geschichten und erstaunliche Ph\u00e4nomene, die dich in den Bann ziehen und deine Neugier entfachen werden.<\/p>\n\n\n\n<div id=\"query-c340414\" class=\"query-c5faea6\" data-query_id=\"116\">\n<div id=\"querytemplate-c34e6cb\" class=\"querytemplate-c6ecc5e\" cc-query-template=\"\"><div class=\"cc-query-item\" data-lastpost=\"1\">\n<a id=\"button-caaef54\" class=\"button-c8c2ed7 cc-btn \" href=\"https:\/\/unexplainable-world.com\/de\/ubar-das-atlantis-der-wueste\/\" rel=\"noopener\" target=\"_self\">Starte deine Reise<\/a>\n<\/div><\/div>\n<\/div>\n<\/div>\n\n\n\n<div id=\"column-c0741aa\" class=\"column-c96245c cc-clmn\">\n<div id=\"div-c096fa3\" class=\"div-c81f1bd\">\n<div id=\"div-c751a0b\" class=\"div-cc503f4 cc-ovrl\">\n<img loading=\"lazy\" decoding=\"async\" id=\"image-c2ce750\" class=\"image-c62b71c cc-img\" src=\"https:\/\/unexplainable-world.com\/wp-content\/uploads\/2023\/07\/Default_A_group_of_adventurers_found_the_entrance_of_the_cave_0_c8f927bd-d4f9-47f4-a905-d4cbbfa6c683_1.jpg\" srcset=\"https:\/\/unexplainable-world.com\/wp-content\/uploads\/2023\/07\/Default_A_group_of_adventurers_found_the_entrance_of_the_cave_0_c8f927bd-d4f9-47f4-a905-d4cbbfa6c683_1.jpg 1072w, https:\/\/unexplainable-world.com\/wp-content\/uploads\/2023\/07\/Default_A_group_of_adventurers_found_the_entrance_of_the_cave_0_c8f927bd-d4f9-47f4-a905-d4cbbfa6c683_1-150x300.jpg 150w, https:\/\/unexplainable-world.com\/wp-content\/uploads\/2023\/07\/Default_A_group_of_adventurers_found_the_entrance_of_the_cave_0_c8f927bd-d4f9-47f4-a905-d4cbbfa6c683_1-512x1024.jpg 512w, https:\/\/unexplainable-world.com\/wp-content\/uploads\/2023\/07\/Default_A_group_of_adventurers_found_the_entrance_of_the_cave_0_c8f927bd-d4f9-47f4-a905-d4cbbfa6c683_1-768x1536.jpg 768w, https:\/\/unexplainable-world.com\/wp-content\/uploads\/2023\/07\/Default_A_group_of_adventurers_found_the_entrance_of_the_cave_0_c8f927bd-d4f9-47f4-a905-d4cbbfa6c683_1-1024x2048.jpg 1024w\" sizes=\"auto, (max-width: 1072px) 100vw, 1072px\" width=\"1072\" height=\"2144\" alt=\"\"\/>\n<\/div>\n<\/div>\n<\/div>\n<\/div>\n\n\n\n<h2 id=\"heading-cea4446\" class=\"heading-c0c9a01\">Aktuelle Beitr\u00e4ge<\/h2>\n\n\n\n<div id=\"query-c655422\" class=\"query-c3392be\" data-query_id=\"78\">\n<div id=\"querytemplate-c1e7ee7\" class=\"querytemplate-cd61a97\" cc-query-template=\"\"><div class=\"cc-query-item\">\n<div id=\"div-ce834a8\" class=\"div-c59be2d\">\n<a id=\"div-c82fb5f\" class=\"div-ca1c915 \" href=\"https:\/\/unexplainable-world.com\/de\/ubar-das-atlantis-der-wueste\/\" rel=\"noopener\" target=\"_self\" title=\"Ubar \u2013 Das \u00bbAtlantis der W\u00fcste\u00ab\" aria-label=\"Ubar \u2013 Das \u00bbAtlantis der W\u00fcste\u00ab\">\n<img loading=\"lazy\" decoding=\"async\" id=\"image-cbd65a2\" class=\"image-c8e484b cc-grow cc-img\" src=\"https:\/\/unexplainable-world.com\/wp-content\/uploads\/2018\/11\/iram-der-saeulen-teaser-768x320.jpg\" height=\"320\" width=\"768\" srcset=\"https:\/\/unexplainable-world.com\/wp-content\/uploads\/2018\/11\/iram-der-saeulen-teaser.jpg 1200w, https:\/\/unexplainable-world.com\/wp-content\/uploads\/2018\/11\/iram-der-saeulen-teaser-300x125.jpg 300w, https:\/\/unexplainable-world.com\/wp-content\/uploads\/2018\/11\/iram-der-saeulen-teaser-1024x427.jpg 1024w, https:\/\/unexplainable-world.com\/wp-content\/uploads\/2018\/11\/iram-der-saeulen-teaser-768x320.jpg 768w\" sizes=\"auto, (max-width: 768px) 100vw, 768px\" alt=\"\"\/>\n<\/a>\n\n\n\n<div id=\"div-c1e62eb\" class=\"div-c0d1350\">\n<div id=\"div-c6cf4f3\" class=\"div-c5efe52\">\n<div id=\"taxonomyterms-c0482aa\" class=\"taxonomyterms-c49667e\"><div >\n<a id=\"paragraph-ca526a8-tt-1\" class=\"paragraph-c2b18e6\" href=\"https:\/\/unexplainable-world.com\/de\/geschichte-und-archaeologie\/\" rel=\"noopener\" target=\"_self\" title=\"Ubar \u2013 Das \u00bbAtlantis der W\u00fcste\u00ab\" aria-label=\"Ubar \u2013 Das \u00bbAtlantis der W\u00fcste\u00ab\">Geschichte &amp; Arch\u00e4ologie<\/a>\n<\/div><\/div>\n\n\n\n<p id=\"paragraph-c0cc8ed\" class=\"paragraph-cb960e6\">23.11.2018<\/p>\n<\/div>\n\n\n\n<h3 id=\"heading-c743c79\" class=\"heading-cf08528 \"><a href=\"https:\/\/unexplainable-world.com\/de\/ubar-das-atlantis-der-wueste\/\" rel=\"noopener\" target=\"_self\" title=\"Ubar \u2013 Das \u00bbAtlantis der W\u00fcste\u00ab\" aria-label=\"Ubar \u2013 Das \u00bbAtlantis der W\u00fcste\u00ab\">Ubar \u2013 Das \u00bbAtlantis der W\u00fcste\u00ab<\/a><\/h3>\n\n\n\n<p id=\"paragraph-cc16f18\" class=\"paragraph-cca7526\"><span class=\"after\"> &#8230;<\/span><\/p>\n<\/div>\n<\/div>\n<\/div><div class=\"cc-query-item\">\n<div id=\"div-ce834a8-q-2\" class=\"div-c59be2d\">\n<a id=\"div-c82fb5f-q-2\" class=\"div-ca1c915 \" href=\"https:\/\/unexplainable-world.com\/de\/shell-grotto-margate-england\/\" rel=\"noopener\" target=\"_self\" title=\"Shell Grotto \u2013 Welches Geheimnis verbirgt die Muschelgrotte von Margate?\" aria-label=\"Shell Grotto \u2013 Welches Geheimnis verbirgt die Muschelgrotte von Margate?\">\n<img loading=\"lazy\" decoding=\"async\" id=\"image-cbd65a2-q-2\" class=\"image-c8e484b cc-grow cc-img\" src=\"https:\/\/unexplainable-world.com\/wp-content\/uploads\/2018\/09\/shell-grotto-margate-england-teaser-768x256.jpg\" alt=\"Margate, England Shell Grotto\" height=\"256\" width=\"768\" srcset=\"https:\/\/unexplainable-world.com\/wp-content\/uploads\/2018\/09\/shell-grotto-margate-england-teaser.jpg 1200w, https:\/\/unexplainable-world.com\/wp-content\/uploads\/2018\/09\/shell-grotto-margate-england-teaser-300x100.jpg 300w, https:\/\/unexplainable-world.com\/wp-content\/uploads\/2018\/09\/shell-grotto-margate-england-teaser-1024x341.jpg 1024w, https:\/\/unexplainable-world.com\/wp-content\/uploads\/2018\/09\/shell-grotto-margate-england-teaser-768x256.jpg 768w\" sizes=\"auto, (max-width: 768px) 100vw, 768px\" alt=\"\"\/>\n<\/a>\n\n\n\n<div id=\"div-c1e62eb-q-2\" class=\"div-c0d1350\">\n<div id=\"div-c6cf4f3-q-2\" class=\"div-c5efe52\">\n<div id=\"taxonomyterms-c0482aa-q-2\" class=\"taxonomyterms-c49667e\"><div >\n<a id=\"paragraph-ca526a8-tt-1\" class=\"paragraph-c2b18e6\" href=\"https:\/\/unexplainable-world.com\/de\/unglaubliche-orte\/\" rel=\"noopener\" target=\"_self\" title=\"Shell Grotto \u2013 Welches Geheimnis verbirgt die Muschelgrotte von Margate?\" aria-label=\"Shell Grotto \u2013 Welches Geheimnis verbirgt die Muschelgrotte von Margate?\">Unglaubliche Orte<\/a>\n<\/div><\/div>\n\n\n\n<p id=\"paragraph-c0cc8ed-q-2\" class=\"paragraph-cb960e6\">14.09.2018<\/p>\n<\/div>\n\n\n\n<h3 id=\"heading-c743c79-q-2\" class=\"heading-cf08528 \"><a href=\"https:\/\/unexplainable-world.com\/de\/shell-grotto-margate-england\/\" rel=\"noopener\" target=\"_self\" title=\"Shell Grotto \u2013 Welches Geheimnis verbirgt die Muschelgrotte von Margate?\" aria-label=\"Shell Grotto \u2013 Welches Geheimnis verbirgt die Muschelgrotte von Margate?\">Shell Grotto \u2013 Welches Geheimnis verbirgt die Muschelgrotte von Margate?<\/a><\/h3>\n\n\n\n<p id=\"paragraph-cc16f18-q-2\" class=\"paragraph-cca7526\"><span class=\"after\"> &#8230;<\/span><\/p>\n<\/div>\n<\/div>\n<\/div><div class=\"cc-query-item\" data-lastpost=\"1\">\n<div id=\"div-ce834a8-q-3\" class=\"div-c59be2d\">\n<a id=\"div-c82fb5f-q-3\" class=\"div-ca1c915 \" href=\"https:\/\/unexplainable-world.com\/de\/die-madagascar\/\" rel=\"noopener\" target=\"_self\" title=\"Die Madagascar \u2013 Welches Schicksal ereilte das viktorianische Goldschiff?\" aria-label=\"Die Madagascar \u2013 Welches Schicksal ereilte das viktorianische Goldschiff?\">\n<img loading=\"lazy\" decoding=\"async\" id=\"image-cbd65a2-q-3\" class=\"image-c8e484b cc-grow cc-img\" src=\"https:\/\/unexplainable-world.com\/wp-content\/uploads\/2018\/07\/die-madagascar-was-ist-mit-dem-viktorianischen-schiff-passiert-768x768.jpg\" height=\"768\" width=\"768\" srcset=\"https:\/\/unexplainable-world.com\/wp-content\/uploads\/2018\/07\/die-madagascar-was-ist-mit-dem-viktorianischen-schiff-passiert.jpg 1024w, https:\/\/unexplainable-world.com\/wp-content\/uploads\/2018\/07\/die-madagascar-was-ist-mit-dem-viktorianischen-schiff-passiert-300x300.jpg 300w, https:\/\/unexplainable-world.com\/wp-content\/uploads\/2018\/07\/die-madagascar-was-ist-mit-dem-viktorianischen-schiff-passiert-150x150.jpg 150w, https:\/\/unexplainable-world.com\/wp-content\/uploads\/2018\/07\/die-madagascar-was-ist-mit-dem-viktorianischen-schiff-passiert-768x768.jpg 768w\" sizes=\"auto, (max-width: 768px) 100vw, 768px\" alt=\"\"\/>\n<\/a>\n\n\n\n<div id=\"div-c1e62eb-q-3\" class=\"div-c0d1350\">\n<div id=\"div-c6cf4f3-q-3\" class=\"div-c5efe52\">\n<div id=\"taxonomyterms-c0482aa-q-3\" class=\"taxonomyterms-c49667e\"><div >\n<a id=\"paragraph-ca526a8-tt-1\" class=\"paragraph-c2b18e6\" href=\"https:\/\/unexplainable-world.com\/de\/geschichte-und-archaeologie\/\" rel=\"noopener\" target=\"_self\" title=\"Die Madagascar \u2013 Welches Schicksal ereilte das viktorianische Goldschiff?\" aria-label=\"Die Madagascar \u2013 Welches Schicksal ereilte das viktorianische Goldschiff?\">Geschichte &amp; Arch\u00e4ologie<\/a>\n<\/div><\/div>\n\n\n\n<p id=\"paragraph-c0cc8ed-q-3\" class=\"paragraph-cb960e6\">13.07.2018<\/p>\n<\/div>\n\n\n\n<h3 id=\"heading-c743c79-q-3\" class=\"heading-cf08528 \"><a href=\"https:\/\/unexplainable-world.com\/de\/die-madagascar\/\" rel=\"noopener\" target=\"_self\" title=\"Die Madagascar \u2013 Welches Schicksal ereilte das viktorianische Goldschiff?\" aria-label=\"Die Madagascar \u2013 Welches Schicksal ereilte das viktorianische Goldschiff?\">Die Madagascar \u2013 Welches Schicksal ereilte das viktorianische Goldschiff?<\/a><\/h3>\n\n\n\n<p id=\"paragraph-cc16f18-q-3\" class=\"paragraph-cca7526\"><span class=\"after\"> &#8230;<\/span><\/p>\n<\/div>\n<\/div>\n<\/div><\/div>\n\n<div id=\"querypagination-cadc156\" class=\"querypagination-c0b35ed\" data-ajaxpagination=\"\" cc-siv=\"\" cc-query-pagination=\"\">\n<div id=\"querypaginationnumbers-c4d6dca\" class=\"querypaginationnumbers-ce30658\" cc-query-pagination-numbers=\"\"><span aria-current=\"page\" class=\"page-numbers current\">1<\/span>\n<a class=\"page-numbers\" href=\"?query-78-page=2\">2<\/a><\/div>\n<\/div>\n<\/div>\n\n\n\n<h2 id=\"heading-cc2a959\" class=\"heading-cab23c6\">Entdecke die Kategorien<\/h2>\n\n\n\n<div id=\"filter-c93b5a4\" class=\"filter-c3dfcdf\" cc-filter=\"\"><div class=\"cc-loading-skeleton\"><div class=\"div-c93e49f\"><a class=\"paragraph-cc93749 cc-loading-skeleton-top\"><span aria-live=\"polite\" aria-busy=\"true\"><span class=\"cc-loading-skeleton cc-no-anim\">\u200c<\/span><\/span><\/a><div class=\"paragraph-caa504a cc-loading-skeleton-top\"><span aria-live=\"polite\" aria-busy=\"true\"><span class=\"cc-loading-skeleton cc-no-anim\">\u200c<\/span><\/span><\/div><\/div><\/div><\/div>\n\n\n\n<div id=\"query-cad7183\" class=\"query-ce03557\" data-query_id=\"10\" data-cc_fr=\"true\"><div class=\"querytemplate-c70759f\"><div><div class=\"div-cee6487 cc-loading-skeleton-top\"><span aria-live=\"polite\" aria-busy=\"true\"><span class=\"cc-loading-skeleton cc-no-anim\">\u200c<\/span><\/span><\/div><\/div><div><div class=\"div-cee6487 cc-loading-skeleton-top\"><span aria-live=\"polite\" aria-busy=\"true\"><span class=\"cc-loading-skeleton cc-no-anim\">\u200c<\/span><\/span><\/div><\/div><div><div class=\"div-cee6487 cc-loading-skeleton-top\"><span aria-live=\"polite\" aria-busy=\"true\"><span class=\"cc-loading-skeleton cc-no-anim\">\u200c<\/span><\/span><\/div><\/div><div><div class=\"div-cee6487 cc-loading-skeleton-top\"><span aria-live=\"polite\" aria-busy=\"true\"><span class=\"cc-loading-skeleton cc-no-anim\">\u200c<\/span><\/span><\/div><\/div><div><div class=\"div-cee6487 cc-loading-skeleton-top\"><span aria-live=\"polite\" aria-busy=\"true\"><span class=\"cc-loading-skeleton cc-no-anim\">\u200c<\/span><\/span><\/div><\/div><div><div class=\"div-cee6487 cc-loading-skeleton-top\"><span aria-live=\"polite\" aria-busy=\"true\"><span class=\"cc-loading-skeleton cc-no-anim\">\u200c<\/span><\/span><\/div><\/div><div><div class=\"div-cee6487 cc-loading-skeleton-top\"><span aria-live=\"polite\" aria-busy=\"true\"><span class=\"cc-loading-skeleton cc-no-anim\">\u200c<\/span><\/span><\/div><\/div><div><div class=\"div-cee6487 cc-loading-skeleton-top\"><span aria-live=\"polite\" aria-busy=\"true\"><span class=\"cc-loading-skeleton cc-no-anim\">\u200c<\/span><\/span><\/div><\/div><div><div class=\"div-cee6487 cc-loading-skeleton-top\"><span aria-live=\"polite\" aria-busy=\"true\"><span class=\"cc-loading-skeleton cc-no-anim\">\u200c<\/span><\/span><\/div><\/div><div><div class=\"div-cee6487 cc-loading-skeleton-top\"><span aria-live=\"polite\" aria-busy=\"true\"><span class=\"cc-loading-skeleton cc-no-anim\">\u200c<\/span><\/span><\/div><\/div><\/div><\/div>\n","protected":false},"excerpt":{"rendered":"","protected":false},"author":1,"featured_media":0,"parent":0,"menu_order":0,"comment_status":"closed","ping_status":"closed","template":"","meta":{"footnotes":""},"class_list":["post-3013","page","type-page","status-publish","hentry"],"acf":[],"_links":{"self":[{"href":"https:\/\/unexplainable-world.com\/de\/wp-json\/wp\/v2\/pages\/3013","targetHints":{"allow":["GET"]}}],"collection":[{"href":"https:\/\/unexplainable-world.com\/de\/wp-json\/wp\/v2\/pages"}],"about":[{"href":"https:\/\/unexplainable-world.com\/de\/wp-json\/wp\/v2\/types\/page"}],"author":[{"embeddable":true,"href":"https:\/\/unexplainable-world.com\/de\/wp-json\/wp\/v2\/users\/1"}],"replies":[{"embeddable":true,"href":"https:\/\/unexplainable-world.com\/de\/wp-json\/wp\/v2\/comments?post=3013"}],"version-history":[{"count":9,"href":"https:\/\/unexplainable-world.com\/de\/wp-json\/wp\/v2\/pages\/3013\/revisions"}],"predecessor-version":[{"id":4782,"href":"https:\/\/unexplainable-world.com\/de\/wp-json\/wp\/v2\/pages\/3013\/revisions\/4782"}],"wp:attachment":[{"href":"https:\/\/unexplainable-world.com\/de\/wp-json\/wp\/v2\/media?parent=3013"}],"curies":[{"name":"wp","href":"https:\/\/api.w.org\/{rel}","templated":true}]}}